{"id":109,"date":"2012-08-24T13:57:21","date_gmt":"2012-08-24T11:57:21","guid":{"rendered":"http:\/\/194.1.178.23\/?page_id=109"},"modified":"2024-03-03T14:13:36","modified_gmt":"2024-03-03T13:13:36","slug":"home","status":"publish","type":"page","link":"https:\/\/psychosomatics.be\/nl\/","title":{"rendered":"Welkom"},"content":{"rendered":"<p><div class=\"captionpix-outer \" style=\"display: inline-block;float:left; margin-left: 5px; margin-right:15px;margin-top:7px;margin-bottom:0px\"><div class=\"captionpix-frame understated\" style=\"display:inline-block;background-color:transparent\"><div class=\"captionpix-inner\"><a href=\"https:\/\/psychosomatics.be\/wp-content\/uploads\/2024\/03\/imagine1-330.jpg\" style=\"display:block\" ><img src=\"https:\/\/psychosomatics.be\/wp-content\/uploads\/2024\/03\/imagine1-330.jpg\" style=\"padding:0;margin:0;width:150px;max-width:100%;border:none\" title=\"\" alt=\"\" \/><\/a><\/a><\/div><\/div><\/div><\/p>\n<div style=\"text-align: justify;\">Ik ben klinisch psychologe, gespecialiseerd in Ge\u00efntegreerde Therapie\u00ebn (Cognitieve Gedragstherapie\u00ebn, \u00a0Cognitieve Therapie op basis van Mindfulness, Korte Therapie en Psychosomatische Procedures, Existenti\u00eble therapie, Universite Catholique de Louvain, Vrije Universiteit van Luik, Belgi\u00eb en de Universiteit van Gen\u00e8ve, Zwitserland). Ik heb gewerkt in een kliniek voor geestelijke gezondheidszorg en ziekenhuis CHU Brugmann, Brussel en heb daarna meer dan 14 jaar mijn priv\u00e9praktijk ontwikkeld. Mijn therapeutische aanpak richt zich zowel cognitieve, emotionele en gedragsmatige aspecten van een probleem, terwijl rekening houdend met hun persoonlijke, sociale en genetische context. Op\u00a0deze site vindt U alle inlichtingen betreffende mijn beroepspraktijk. \u00a0 Ik ben een proactief therapeut moedigt korte therapie\u00ebn gericht op onmiddellijke resultaten. Ik werk hoofdzakelijk met volwassenen en tieners, en biedt zowel individuele, koppel en gezin therapie\u00ebn\/ advies aan. Tijdens de sessies, maak ik eveneens psychologische evaluaties en beoordelingen voor alle leeftijden\u00a0op. De Ge\u00efntegreerde Therapie\u00ebn zijn \u2013 klinisch bewezen \u2013 zeer effici\u00ebnte behandelingsmethoden bij angst (paniekaanvallen, fobie\u00ebn, obsessief compulsieve stoornissen, andere stress-gerelateerde aandoeningen), bij depressie, bij een gebrek aan zelfvertrouwen, bij relationele moeilijkheden, burn-out, e.a&#8230; Het potentieel van deze \u00a0Therapie\u00ebn wordt geheel aangeleerd gedurende de deelname aan het wekelijkse psychosomatische programma en door de oefeningen. Vaak volstaan klassieke gesprekspatronen niet om een stoornis te behandelen. De psychosomatische programma&#8217;s die ik aanbied omvatten aanvullende technieken en oefeningen die er op gericht zijn energie te verschaffen, evenwicht en rust te brengen in de mentale en emotionele structuren van de persoon. In dat opzicht, ben ik regelmatig updated met de meest effectieve therapeutische praktijken door middel van permanente opleiding en begeleiding.<\/div>\n<p>In de afgelopen 10 jaar heb ik mijn expertisegebied ontwikkeld en ben ik coach en trainer geworden voor internationale bedrijven over de hele wereld. Ik doe webinars en vergaderingen on-site met betrekking tot geestelijke gezondheid en welzijn, beheer van kritieke incidenten en bemiddeling.<\/p>\n<p style=\"text-align: justify;\"><div class=\"captionpix-outer \" style=\"display: inline-block;float:right; margin-right: 5px; margin-left:15px;margin-top:7px;margin-bottom:0px\"><div class=\"captionpix-frame crystal\" style=\"display:inline-block;background-color:transparent\"><div class=\"captionpix-inner\"><a href=\"https:\/\/psychosomatics.be\/wp-content\/uploads\/2012\/11\/semnatura.jpg\" style=\"display:block\" ><img src=\"https:\/\/psychosomatics.be\/wp-content\/uploads\/2012\/11\/semnatura.jpg\" style=\"padding:0;margin:0;width:250px;max-width:100%;border:none\" title=\"\" alt=\"\" \/><\/a><\/a><\/div><\/div><\/div><\/p>\n<p><\/p>","protected":false},"excerpt":{"rendered":"<p>Ik ben klinisch psychologe, gespecialiseerd in Ge\u00efntegreerde Therapie\u00ebn (Cognitieve Gedragstherapie\u00ebn, \u00a0Cognitieve Therapie op basis van Mindfulness, Korte Therapie en Psychosomatische Procedures, Existenti\u00eble therapie, Universite Catholique de Louvain, Vrije Universiteit van &hellip; <a class=\"readmore\" href=\"https:\/\/psychosomatics.be\/nl\/\">Continue Reading &rarr;<\/a><\/p>\n","protected":false},"author":7,"featured_media":367,"parent":0,"menu_order":0,"comment_status":"closed","ping_status":"closed","template":"","meta":[],"_links":{"self":[{"href":"https:\/\/psychosomatics.be\/nl\/wp-json\/wp\/v2\/pages\/109"}],"collection":[{"href":"https:\/\/psychosomatics.be\/nl\/wp-json\/wp\/v2\/pages"}],"about":[{"href":"https:\/\/psychosomatics.be\/nl\/wp-json\/wp\/v2\/types\/page"}],"author":[{"embeddable":true,"href":"https:\/\/psychosomatics.be\/nl\/wp-json\/wp\/v2\/users\/7"}],"replies":[{"embeddable":true,"href":"https:\/\/psychosomatics.be\/nl\/wp-json\/wp\/v2\/comments?post=109"}],"version-history":[{"count":72,"href":"https:\/\/psychosomatics.be\/nl\/wp-json\/wp\/v2\/pages\/109\/revisions"}],"predecessor-version":[{"id":1119,"href":"https:\/\/psychosomatics.be\/nl\/wp-json\/wp\/v2\/pages\/109\/revisions\/1119"}],"wp:featuredmedia":[{"embeddable":true,"href":"https:\/\/psychosomatics.be\/nl\/wp-json\/wp\/v2\/media\/367"}],"wp:attachment":[{"href":"https:\/\/psychosomatics.be\/nl\/wp-json\/wp\/v2\/media?parent=109"}],"curies":[{"name":"wp","href":"https:\/\/api.w.org\/{rel}","templated":true}]}}