{"id":413,"date":"2014-02-17T16:56:57","date_gmt":"2014-02-17T15:56:57","guid":{"rendered":"http:\/\/psychosomatics.be\/?page_id=413"},"modified":"2019-11-28T19:41:46","modified_gmt":"2019-11-28T18:41:46","slug":"english-couple-therapy-2","status":"publish","type":"page","link":"https:\/\/psychosomatics.be\/it\/services\/english-couple-therapy-2\/","title":{"rendered":"Terapia di coppia"},"content":{"rendered":"<p><div class=\"captionpix-outer \" style=\"display: inline-block;float:left; margin-left: 5px; margin-right:15px;margin-top:7px;margin-bottom:0px\"><div class=\"captionpix-frame understated\" style=\"display:inline-block;background-color:transparent\"><div class=\"captionpix-inner\"><a href=\"https:\/\/psychosomatics.be\/wp-content\/uploads\/2014\/02\/images.jpg\" style=\"display:block\" ><img src=\"https:\/\/psychosomatics.be\/wp-content\/uploads\/2014\/02\/images.jpg\" style=\"padding:0;margin:0;width:150px;max-width:100%;border:none\" title=\"\" alt=\"\" \/><\/a><\/a><\/div><\/div><\/div><\/p>\n<div style=\"text-align: justify;\">\n<p>Lo scopo della terapia di coppia \u00e8 di ripristinare un migliore livello di funzionamento nelle coppie che soffrono di problemi relazionali. Le ragioni del disagio possono includere scarse capacit\u00e0 comunicative, incompatibilit\u00e0 o un ampio spettro di disturbi psicologici che includono violenza domestica, alcolismo, depressione, ansia, ecc. L&#8217;obiettivo della terapia \u00e8 identificare la presenza di insoddisfazione nella relazione e implementare un piano di trattamento con l&#8217;obiettivo di migliorare il funzionamento della coppia. La terapia di coppia pu\u00f2 aiutare le persone che hanno problemi di intimit\u00e0, problemi sessuali o di comunicazione. La cooperazione di entrambi \u00e8 molto importante per il processo terapeutico. Le coppie dovrebbero aver il desiderio di modificare e \/ o cambiare i comportamenti disfunzionali. L&#8217;onest\u00e0 e l&#8217;apertura emotiva sono una componente necessaria per il nostro lavoro. La valutazione della coppia include di solito una raccolta di informazioni approfondite sul problema attuale e una valutazione delle professioni, dell&#8217;istruzione, dell&#8217;occupazione, dello sviluppo dell&#8217;infanzia, della storia dei genitori, dell&#8217;abuso di sostanze, della religione, della storia relazionale, medica, legale e psicologica passata. Lo psicoterapeuta e la coppia possono quindi decidere quale sarebbe il miglior corso di pianificazione del trattamento. Il trattamento di solito richiede qualche mese Una volta che la coppia ha sviluppato competenze adeguate e ha mostrato un miglioramento del livello di funzionamento soddisfacente per entrambi, allora il trattamento pu\u00f2 essere terminato. I clienti sono incoraggiati a tornare alla terapia se compaiono sintomi di ricaduta. Visite di follow-up e terapia psicologica a lungo termine possono essere organizzate tra le due parti, se necessario.<\/p>\n<\/div>\n<p><\/p>","protected":false},"excerpt":{"rendered":"<p>Lo scopo della terapia di coppia \u00e8 di ripristinare un migliore livello di funzionamento nelle coppie che soffrono di problemi relazionali. Le ragioni del disagio possono includere scarse capacit\u00e0 comunicative, &hellip; <a class=\"readmore\" href=\"https:\/\/psychosomatics.be\/it\/services\/english-couple-therapy-2\/\">Continue Reading &rarr;<\/a><\/p>\n","protected":false},"author":5,"featured_media":0,"parent":154,"menu_order":2,"comment_status":"closed","ping_status":"open","template":"","meta":[],"_links":{"self":[{"href":"https:\/\/psychosomatics.be\/it\/wp-json\/wp\/v2\/pages\/413"}],"collection":[{"href":"https:\/\/psychosomatics.be\/it\/wp-json\/wp\/v2\/pages"}],"about":[{"href":"https:\/\/psychosomatics.be\/it\/wp-json\/wp\/v2\/types\/page"}],"author":[{"embeddable":true,"href":"https:\/\/psychosomatics.be\/it\/wp-json\/wp\/v2\/users\/5"}],"replies":[{"embeddable":true,"href":"https:\/\/psychosomatics.be\/it\/wp-json\/wp\/v2\/comments?post=413"}],"version-history":[{"count":19,"href":"https:\/\/psychosomatics.be\/it\/wp-json\/wp\/v2\/pages\/413\/revisions"}],"predecessor-version":[{"id":416,"href":"https:\/\/psychosomatics.be\/it\/wp-json\/wp\/v2\/pages\/413\/revisions\/416"}],"up":[{"embeddable":true,"href":"https:\/\/psychosomatics.be\/it\/wp-json\/wp\/v2\/pages\/154"}],"wp:attachment":[{"href":"https:\/\/psychosomatics.be\/it\/wp-json\/wp\/v2\/media?parent=413"}],"curies":[{"name":"wp","href":"https:\/\/api.w.org\/{rel}","templated":true}]}}