{"id":210,"date":"2012-10-21T18:24:43","date_gmt":"2012-10-21T16:24:43","guid":{"rendered":"http:\/\/194.1.178.23\/?page_id=210"},"modified":"2019-11-28T00:29:48","modified_gmt":"2019-11-27T23:29:48","slug":"treat-the-existing-problems-individual","status":"publish","type":"page","link":"https:\/\/psychosomatics.be\/it\/services\/treat-the-existing-problems-individual\/","title":{"rendered":"Terapia individuale"},"content":{"rendered":"<p><\/p>\n<div style=\"text-align: justify;\"><strong>Psicoterapia comportamentale cognitiva, psicoterapia cognitiva basata sul Mindfulness, terapia breve basata sulle soluzioni, procedure psicosomatiche, consulenza, coaching e supporto.<\/strong><\/div>\n<p style=\"text-align: justify;\"><a href=\"https:\/\/psychosomatics.be\/wp-content\/uploads\/2012\/10\/7357300-emotions-word-collage-on-white-background-illustration.jpg\"><img loading=\"lazy\" class=\"size-medium wp-image-232 alignleft\" title=\"7357300-emotions-word-collage-on-white-background-illustration\" alt=\"\" src=\"https:\/\/psychosomatics.be\/wp-content\/uploads\/2012\/10\/7357300-emotions-word-collage-on-white-background-illustration-300x300.jpg\" width=\"300\" height=\"300\" srcset=\"https:\/\/psychosomatics.be\/wp-content\/uploads\/2012\/10\/7357300-emotions-word-collage-on-white-background-illustration-300x300.jpg 300w, https:\/\/psychosomatics.be\/wp-content\/uploads\/2012\/10\/7357300-emotions-word-collage-on-white-background-illustration-150x150.jpg 150w, https:\/\/psychosomatics.be\/wp-content\/uploads\/2012\/10\/7357300-emotions-word-collage-on-white-background-illustration-210x210.jpg 210w, https:\/\/psychosomatics.be\/wp-content\/uploads\/2012\/10\/7357300-emotions-word-collage-on-white-background-illustration.jpg 400w\" sizes=\"(max-width: 300px) 100vw, 300px\" \/><\/a>Nel processo terapeutico, viene stabilita una relazione professionale per aiutare il cliente ad esplorare i problemi attuali o cronici. L&#8217;obiettivo \u00e8 sempre la guarigione emotiva, il miglioramento personale e, in generale, un funzionamento pi\u00f9 armonioso nella vita di tutti i giorni. D\u2019altra parte, la terapia \u00e8 un servizio in cui la persona trova supporto, comprensione e direzione nella vita usando abilit\u00e0 interpersonali, gestendo situazioni difficili o prendendo decisioni. Ogni sessione \u00e8 uno spazio in cui le tue preoccupazioni e i tuoi obiettivi sono prioritari. Questi rappresentano percorsi per migliorare l&#8217;autocoscienza, la fiducia in se stessi e la ricerca di nuove abilit\u00e0 per mobilitarsi nelle sfide quotidiane.<\/p>\n<p style=\"text-align: justify;\">Nello stesso tempo, si ritiene che la terapia offra informazioni pertinenti su se stessi e l&#8217;interazione con gli altri.<\/p>\n<p style=\"text-align: justify;\">In qualsiasi terapia, \u00e8 fondamentale sentirsi a proprio agio con il terapista scelto e mantenere un atteggiamento ottimista nei confronti della sua efficacia. Pertanto, la terapia avr\u00e0 maggiori probabilit\u00e0 di dare i risultati previsti.<\/p>\n<p style=\"text-align: justify;\">Secondo me, la terapia richiede la partecipazione attiva del cliente e del terapeuta nonostante ruoli leggermente diversi. In genere, il cliente rivela i suoi problemi da esplorare o risolvere in sessione. Attraverso e in interazione con il terapeuta, il cliente arriva a una migliore comprensione dei suoi problemi. Il lavoro del terapista \u00e8 di ascoltare, fornire informazioni pertinenti, guidare e dare il feedback per facilitare i progressi del cliente. Mettendo in pratica le nuove abilit\u00e0, coinvolgendo un livello pi\u00f9 elevato di coscienza, avrai la forza di fare cambiamenti importanti nella tua vita e prendere decisioni pi\u00f9 sagge per raggiungere i tuoi obiettivi. Alcuni obiettivi molto generali includono: sentirsi meglio, divertirsi meglio nella vita personale o professionale, formare e mantenere relazioni sane, interrompere tendenze negative, ecc. Nella fase iniziale del trattamento, \u00e8 importante identificare insieme i tuoi obiettivi reali.<\/p>\n<p style=\"text-align: justify;\">Durante la prima consultazione, esamineremo innanzitutto le preoccupazioni e gli obiettivi che desideri raggiungere.<\/p>\n<p><\/p>","protected":false},"excerpt":{"rendered":"<p>Psicoterapia comportamentale cognitiva, psicoterapia cognitiva basata sul Mindfulness, terapia breve basata sulle soluzioni, procedure psicosomatiche, consulenza, coaching e supporto. Nel processo terapeutico, viene stabilita una relazione professionale per aiutare il &hellip; <a class=\"readmore\" href=\"https:\/\/psychosomatics.be\/it\/services\/treat-the-existing-problems-individual\/\">Continue Reading &rarr;<\/a><\/p>\n","protected":false},"author":7,"featured_media":0,"parent":154,"menu_order":1,"comment_status":"closed","ping_status":"closed","template":"","meta":[],"_links":{"self":[{"href":"https:\/\/psychosomatics.be\/it\/wp-json\/wp\/v2\/pages\/210"}],"collection":[{"href":"https:\/\/psychosomatics.be\/it\/wp-json\/wp\/v2\/pages"}],"about":[{"href":"https:\/\/psychosomatics.be\/it\/wp-json\/wp\/v2\/types\/page"}],"author":[{"embeddable":true,"href":"https:\/\/psychosomatics.be\/it\/wp-json\/wp\/v2\/users\/7"}],"replies":[{"embeddable":true,"href":"https:\/\/psychosomatics.be\/it\/wp-json\/wp\/v2\/comments?post=210"}],"version-history":[{"count":17,"href":"https:\/\/psychosomatics.be\/it\/wp-json\/wp\/v2\/pages\/210\/revisions"}],"predecessor-version":[{"id":873,"href":"https:\/\/psychosomatics.be\/it\/wp-json\/wp\/v2\/pages\/210\/revisions\/873"}],"up":[{"embeddable":true,"href":"https:\/\/psychosomatics.be\/it\/wp-json\/wp\/v2\/pages\/154"}],"wp:attachment":[{"href":"https:\/\/psychosomatics.be\/it\/wp-json\/wp\/v2\/media?parent=210"}],"curies":[{"name":"wp","href":"https:\/\/api.w.org\/{rel}","templated":true}]}}