{"id":156,"date":"2012-08-24T16:05:43","date_gmt":"2012-08-24T14:05:43","guid":{"rendered":"http:\/\/194.1.178.23\/?page_id=156"},"modified":"2024-10-09T09:21:39","modified_gmt":"2024-10-09T08:21:39","slug":"rates","status":"publish","type":"page","link":"https:\/\/psychosomatics.be\/it\/rates\/","title":{"rendered":"La tariffa"},"content":{"rendered":"<p><\/p>\n<p style=\"text-align: justify;\">Gli aspetti concreti e le preoccupazioni relative alla terapia (lunghezza, frequenza, costo) saranno sempre discussi apertamente all&#8217;inizio della prima sessione per incoraggiare la chiarezza e la tranquillit\u00e0 di ognuno.<br \/>\nLe tariffe possono variare in base alla frequenza degli appuntamenti.<\/p>\n<p>Esempi:<\/p>\n<p><span style=\"line-height: 1.5em;\">Terapia individuale :\u00a0<\/span>70 euro\/ ora<\/p>\n<p>Terapia di coppia\u00a0: 80 euro\/ ora<\/p>\n<p>Valutazioni e prove psicologiche:<\/p>\n<p>QI Wechsler completo, WISC, WPPSI: 130 euro<\/p>\n<p>Per i pagamenti tramite bonifico bancario, il mio account \u00e8:<\/p>\n<p>BNP Paris-Bas &#8211; BE56 0015 0602 1188<\/p>\n<p><strong>Ogni sessione non annullata entro 24 ore prima sar\u00e0 dovuta!<\/strong><\/p>\n<p>Rimborso della terapia<br \/>\nSono una psicologa riconosciuta, il che significa che puoi beneficiare di un rimborso parziale delle sedute che fai con me. A seconda del tipo di assicurazione medica che hai, puoi essere rimborsato a partire da 10 euro \/ seduta fino all\u201980% dell\u2019importo. Il numero di sedute rimborsate dipende anche dal contratto assicurativo, passando da 6 fino a 20 sedute all\u2019anno. Per poter beneficiare del rimborso, \u00e8 necessario che mi fornisca un modulo che pu\u00f2 essere scaricato e stampato dal sito web dell\u2019assicurazione. Questo modulo verr\u00e0 compilato, timbrato e firmato ad ogni sessione e, alla fine, dovrai presentarlo alla tua assicurazione. Ecco alcuni esempi: Mutualit\u00e9 Chretienne, Mutualit\u00e9 Socialiste, Partena Mut, Partena, Freie, Mutualit\u00e9 Liberale, Omnimut, DKV, OZ ecc.<\/p>","protected":false},"excerpt":{"rendered":"<p>Gli aspetti concreti e le preoccupazioni relative alla terapia (lunghezza, frequenza, costo) saranno sempre discussi apertamente all&#8217;inizio della prima sessione per incoraggiare la chiarezza e la tranquillit\u00e0 di ognuno. Le &hellip; <a class=\"readmore\" href=\"https:\/\/psychosomatics.be\/it\/rates\/\">Continue Reading &rarr;<\/a><\/p>\n","protected":false},"author":7,"featured_media":0,"parent":0,"menu_order":3,"comment_status":"closed","ping_status":"closed","template":"","meta":[],"_links":{"self":[{"href":"https:\/\/psychosomatics.be\/it\/wp-json\/wp\/v2\/pages\/156"}],"collection":[{"href":"https:\/\/psychosomatics.be\/it\/wp-json\/wp\/v2\/pages"}],"about":[{"href":"https:\/\/psychosomatics.be\/it\/wp-json\/wp\/v2\/types\/page"}],"author":[{"embeddable":true,"href":"https:\/\/psychosomatics.be\/it\/wp-json\/wp\/v2\/users\/7"}],"replies":[{"embeddable":true,"href":"https:\/\/psychosomatics.be\/it\/wp-json\/wp\/v2\/comments?post=156"}],"version-history":[{"count":28,"href":"https:\/\/psychosomatics.be\/it\/wp-json\/wp\/v2\/pages\/156\/revisions"}],"predecessor-version":[{"id":1161,"href":"https:\/\/psychosomatics.be\/it\/wp-json\/wp\/v2\/pages\/156\/revisions\/1161"}],"wp:attachment":[{"href":"https:\/\/psychosomatics.be\/it\/wp-json\/wp\/v2\/media?parent=156"}],"curies":[{"name":"wp","href":"https:\/\/api.w.org\/{rel}","templated":true}]}}