{"id":1085,"date":"2022-11-02T14:03:52","date_gmt":"2022-11-02T13:03:52","guid":{"rendered":"https:\/\/psychosomatics.be\/?page_id=1085"},"modified":"2022-11-02T14:33:18","modified_gmt":"2022-11-02T13:33:18","slug":"rgpd","status":"publish","type":"page","link":"https:\/\/psychosomatics.be\/it\/rgpd\/","title":{"rendered":"POLITICA GDPR &#8211; PROTEZIONE DEI DATI PERSONALI"},"content":{"rendered":"<p><\/p>\n<p style=\"text-align: justify;\">La protezione dei dati personali (GDPR) si riferisce alle informazioni personali che raccogliamo, memorizziamo e distribuiamo. Questo documento rappresenta la politica GDPR della psicologa Pompilia Bianca Gordon.<\/p>\n<p style=\"text-align: justify;\">QUALI DATI RACCOGLIAMO: Come psicologi, raccogliamo una moltitudine di dati personali. Raccogliamo questi dati per adempiere alla nostra missione di terapisti e per curare i pazienti. Raccogliamo informazioni dal primo contatto (e-mail, telefono, sito Web, skype) e continuiamo durante tutti i nostri incontri. I dati che possiamo raccogliere includono: nome, indirizzo, data di nascita, sesso (o identit\u00e0), telefono, SMS, WhatsApp, e-mail, nome del medico di famiglia, professione, anamnesi rilevante per la terapia, farmaci attuali e passati, diagnosi e storia psicologica, stile di vita, fattori di rischio tra cui suicidio, droghe, alcolismo, ecc.<\/p>\n<p style=\"text-align: justify;\">CONSERVAZIONE DELLE INFORMAZIONI: Abbiamo implementato misure che garantiscono che i tuoi dati siano mantenuti al sicuro. Memorizziamo le informazioni utilizzando i metodi seguenti:<\/p>\n<p style=\"text-align: justify;\">Carta &#8211; appunti scritti durante la terapia ed e-mail. Possiamo includere qui un breve riassunto delle sessioni di terapia. Sono tenuti in armadietti di metallo chiusi a chiave.<\/p>\n<p style=\"text-align: justify;\">Telefono\/Smartphone: qui memorizziamo i dettagli di contatto (telefono) con un ID univoco diverso dal tuo vero nome<\/p>\n<p style=\"text-align: justify;\">Email\/SMS\/WhatsApp \u2013 Il tuo indirizzo e-mail \u00e8 memorizzato nel nostro account e-mail. Il numero di telefono potrebbe essere memorizzato in modo che il terapista possa contattarti tramite SMS\/WhatsApp ma verr\u00e0 memorizzato come ID univoco diverso dal tuo vero nome<\/p>\n<p style=\"text-align: justify;\">Sito web &#8211; sito web memorizza i tuoi dati di contatto se utilizzi un modulo per contattarci. I tuoi dati personali saranno conservati finch\u00e9 sarai nostro paziente.<\/p>\n<p style=\"text-align: justify;\">Skype \u2013 Se chiami o lasci un messaggio su Skype, questo verr\u00e0 archiviato nell&#8217;account Skype dell&#8217;ufficio. Skype \u00e8 un servizio conforme al GDPR. I messaggi vengono eliminati dopo essere stati ascoltati<\/p>\n<p style=\"text-align: justify;\">Altri supporti elettronici (inclusi computer, laptop, smartphone, hard disk esterno) in cui conserviamo i tuoi dati sono protetti da password.<\/p>\n<p style=\"text-align: justify;\">ELABORAZIONE E DISTRIBUZIONE DEI DATI PERSONALI: Tutte le informazioni fornite sono trattate in modo confidenziale e vengono condivise solo su tua richiesta (ad esempio con il tuo medico di famiglia). L&#8217;unica eccezione \u00e8 quando c&#8217;\u00e8 il rischio di ferire (fisicamente) qualcuno o te stesso. Anche allora, condivider\u00f2 solo le informazioni strettamente correlate a questo rischio. Se lo riteniamo necessario, distribuiremo le informazioni &#8211; ai sensi della legge e solo alle autorit\u00e0 competenti senza il tuo consenso (ad esempio, sospettiamo un&#8217;attivit\u00e0 terroristica).<\/p>\n<p style=\"text-align: justify;\">Altri medici (psicologi, terapisti, generalisti). C&#8217;\u00e8 la possibilit\u00e0 che desideri che teniamo aggiornato il tuo medico sull&#8217;evoluzione del trattamento psicologico. Ci\u00f2 pu\u00f2 includere diagnosi, trattamento, progressi terapeutici o altri referti medici. Discuteremo caso per caso per determinare esattamente cosa possiamo trasmettere. Devi tenere in considerazione che i medici a cui scegli di trasmettere i dati devono rispettare le norme GDPR per proteggere queste informazioni.<\/p>\n<p style=\"text-align: justify;\">Cancellazione di informazioni. Al termine del processo terapeutico, conserveremo i tuoi dati per altri sette anni &#8211; in conformit\u00e0 con le norme di legge. Possiamo utilizzare queste informazioni allo scopo del vostro trattamento futuro, se necessario. Dopo questo periodo distruggeremo i documenti scritti utilizzando un servizio sicuro di distruzione dei documenti ed elimineremo tutte le informazioni conservate elettronicamente.<\/p>\n<p style=\"text-align: justify;\">Per esercitare uno di questi diritti, contattaci.<\/p>\n<p style=\"text-align: justify;\">Ci riserviamo il diritto di modificare la nostra politica GDPR in qualsiasi momento. Se sei nostro cliente, ti informeremo per iscritto di qualsiasi modifica utilizzando il metodo di contatto concordato.<\/p>\n<p><\/p>","protected":false},"excerpt":{"rendered":"<p>La protezione dei dati personali (GDPR) si riferisce alle informazioni personali che raccogliamo, memorizziamo e distribuiamo. Questo documento rappresenta la politica GDPR della psicologa Pompilia Bianca Gordon. QUALI DATI RACCOGLIAMO: &hellip; <a class=\"readmore\" href=\"https:\/\/psychosomatics.be\/it\/rgpd\/\">Continue Reading &rarr;<\/a><\/p>\n","protected":false},"author":7,"featured_media":0,"parent":0,"menu_order":0,"comment_status":"closed","ping_status":"closed","template":"","meta":[],"_links":{"self":[{"href":"https:\/\/psychosomatics.be\/it\/wp-json\/wp\/v2\/pages\/1085"}],"collection":[{"href":"https:\/\/psychosomatics.be\/it\/wp-json\/wp\/v2\/pages"}],"about":[{"href":"https:\/\/psychosomatics.be\/it\/wp-json\/wp\/v2\/types\/page"}],"author":[{"embeddable":true,"href":"https:\/\/psychosomatics.be\/it\/wp-json\/wp\/v2\/users\/7"}],"replies":[{"embeddable":true,"href":"https:\/\/psychosomatics.be\/it\/wp-json\/wp\/v2\/comments?post=1085"}],"version-history":[{"count":7,"href":"https:\/\/psychosomatics.be\/it\/wp-json\/wp\/v2\/pages\/1085\/revisions"}],"predecessor-version":[{"id":1092,"href":"https:\/\/psychosomatics.be\/it\/wp-json\/wp\/v2\/pages\/1085\/revisions\/1092"}],"wp:attachment":[{"href":"https:\/\/psychosomatics.be\/it\/wp-json\/wp\/v2\/media?parent=1085"}],"curies":[{"name":"wp","href":"https:\/\/api.w.org\/{rel}","templated":true}]}}